{"id":2448,"date":"2025-08-06T14:07:57","date_gmt":"2025-08-06T12:07:57","guid":{"rendered":"https:\/\/new.cpbratislava.sk\/?page_id=2448"},"modified":"2025-11-01T23:47:39","modified_gmt":"2025-11-01T22:47:39","slug":"nakupne-centrum","status":"publish","type":"page","link":"https:\/\/cpbratislava.sk\/sk\/o-bratislave\/nakupne-centrum\/","title":{"rendered":"N\u00e1kupn\u00e9 centr\u00e1 v okol\u00ed hotela"},"content":{"rendered":"<p class=\"p1\">V bl\u00edzkosti hotela Crowne Plaza Bratislava n\u00e1jdete modern\u00e9 n\u00e1kupn\u00e9 centr\u00e1 s pestrou ponukou obchodov. Od luxusn\u00fdch zna\u010diek po lok\u00e1lne butiky \u2013 ka\u017ed\u00fd tu n\u00e1jde nie\u010do pre seba. Medzi najpopul\u00e1rnej\u0161ie patr\u00ed Eurovea priamo na brehu Dunaja s promen\u00e1dou, re\u0161taur\u00e1ciami a kaviar\u0148ami, Nivy Centrum, modern\u00e9 centrum s tr\u017enicou, re\u0161taur\u00e1ciami a mno\u017estvom obchodov, a Aupark, ob\u013e\u00faben\u00e9 n\u00e1kupn\u00e9 centrum s rozsiahlou ponukou obchodov, slu\u017eieb a z\u00e1bavy. Centr\u00e1 pon\u00fakaj\u00fa aj relaxa\u010dn\u00e9 z\u00f3ny, ide\u00e1lne na oddych po n\u00e1kupoch, a pravidelne sa tu konaj\u00fa r\u00f4zne akcie, v\u00fdpredaje a kult\u00farne podujatia. N\u00e1v\u0161teva t\u00fdchto n\u00e1kupn\u00fdch centier je skvelou kombin\u00e1ciou n\u00e1kupov, gastron\u00f3mie a z\u00e1bavy priamo v centre Bratislavy.<\/p>\n","protected":false},"excerpt":{"rendered":"<p>V bl\u00edzkosti hotela Crowne Plaza Bratislava n\u00e1jdete modern\u00e9 n\u00e1kupn\u00e9 centr\u00e1 s pestrou ponukou obchodov. Od luxusn\u00fdch zna\u010diek po lok\u00e1lne butiky \u2013 ka\u017ed\u00fd tu n\u00e1jde nie\u010do pre seba. Medzi najpopul\u00e1rnej\u0161ie patr\u00ed Eurovea priamo na brehu Dunaja s promen\u00e1dou, re\u0161taur\u00e1ciami a kaviar\u0148ami, Nivy Centrum, modern\u00e9 centrum s tr\u017enicou, re\u0161taur\u00e1ciami a mno\u017estvom obchodov, a Aupark, ob\u013e\u00faben\u00e9 n\u00e1kupn\u00e9 centrum [&hellip;]<\/p>\n","protected":false},"author":14,"featured_media":2454,"parent":2159,"menu_order":0,"comment_status":"closed","ping_status":"closed","template":"","meta":{"_acf_changed":false,"footnotes":""},"class_list":["post-2448","page","type-page","status-publish","has-post-thumbnail","hentry"],"acf":[],"_links":{"self":[{"href":"https:\/\/cpbratislava.sk\/sk\/wp-json\/wp\/v2\/pages\/2448","targetHints":{"allow":["GET"]}}],"collection":[{"href":"https:\/\/cpbratislava.sk\/sk\/wp-json\/wp\/v2\/pages"}],"about":[{"href":"https:\/\/cpbratislava.sk\/sk\/wp-json\/wp\/v2\/types\/page"}],"author":[{"embeddable":true,"href":"https:\/\/cpbratislava.sk\/sk\/wp-json\/wp\/v2\/users\/14"}],"replies":[{"embeddable":true,"href":"https:\/\/cpbratislava.sk\/sk\/wp-json\/wp\/v2\/comments?post=2448"}],"version-history":[{"count":3,"href":"https:\/\/cpbratislava.sk\/sk\/wp-json\/wp\/v2\/pages\/2448\/revisions"}],"predecessor-version":[{"id":2844,"href":"https:\/\/cpbratislava.sk\/sk\/wp-json\/wp\/v2\/pages\/2448\/revisions\/2844"}],"up":[{"embeddable":true,"href":"https:\/\/cpbratislava.sk\/sk\/wp-json\/wp\/v2\/pages\/2159"}],"wp:featuredmedia":[{"embeddable":true,"href":"https:\/\/cpbratislava.sk\/sk\/wp-json\/wp\/v2\/media\/2454"}],"wp:attachment":[{"href":"https:\/\/cpbratislava.sk\/sk\/wp-json\/wp\/v2\/media?parent=2448"}],"curies":[{"name":"wp","href":"https:\/\/api.w.org\/{rel}","templated":true}]}}