{"id":2446,"date":"2025-08-06T14:07:47","date_gmt":"2025-08-06T12:07:47","guid":{"rendered":"https:\/\/new.cpbratislava.sk\/?page_id=2446"},"modified":"2025-11-01T23:48:10","modified_gmt":"2025-11-01T22:48:10","slug":"sng","status":"publish","type":"page","link":"https:\/\/cpbratislava.sk\/sk\/o-bratislave\/sng\/","title":{"rendered":"SNG \u2013 Slovensk\u00e1 n\u00e1rodn\u00e1 gal\u00e9ria"},"content":{"rendered":"<p class=\"p1\">Nav\u0161t\u00edvte Slovensk\u00fa n\u00e1rodn\u00fa gal\u00e9riu, kde m\u00f4\u017eete objavi\u0165 poklady slovenskej a medzin\u00e1rodnej umeleckej tvorby. SNG pon\u00faka st\u00e1le aj do\u010dasn\u00e9 v\u00fdstavy, ktor\u00e9 reflektuj\u00fa historick\u00e9 obdobia aj modern\u00e9 trendy v umen\u00ed. Gal\u00e9ria sa nach\u00e1dza v elegantn\u00fdch historick\u00fdch budov\u00e1ch, ktor\u00e9 samy o sebe s\u00fa architektonick\u00fdm skvostom. Okrem expoz\u00edci\u00ed s\u00fa k dispoz\u00edcii aj sprievodn\u00e9 podujatia, workshopy a predn\u00e1\u0161ky. N\u00e1v\u0161teva SNG je ide\u00e1lna pre ka\u017ed\u00e9ho, kto chce spozna\u0165 kult\u00faru a umenie Slovenska hlb\u0161ie.<\/p>\n","protected":false},"excerpt":{"rendered":"<p>Nav\u0161t\u00edvte Slovensk\u00fa n\u00e1rodn\u00fa gal\u00e9riu, kde m\u00f4\u017eete objavi\u0165 poklady slovenskej a medzin\u00e1rodnej umeleckej tvorby. SNG pon\u00faka st\u00e1le aj do\u010dasn\u00e9 v\u00fdstavy, ktor\u00e9 reflektuj\u00fa historick\u00e9 obdobia aj modern\u00e9 trendy v umen\u00ed. Gal\u00e9ria sa nach\u00e1dza v elegantn\u00fdch historick\u00fdch budov\u00e1ch, ktor\u00e9 samy o sebe s\u00fa architektonick\u00fdm skvostom. Okrem expoz\u00edci\u00ed s\u00fa k dispoz\u00edcii aj sprievodn\u00e9 podujatia, workshopy a predn\u00e1\u0161ky. N\u00e1v\u0161teva SNG [&hellip;]<\/p>\n","protected":false},"author":14,"featured_media":2450,"parent":2159,"menu_order":0,"comment_status":"closed","ping_status":"closed","template":"","meta":{"_acf_changed":false,"footnotes":""},"class_list":["post-2446","page","type-page","status-publish","has-post-thumbnail","hentry"],"acf":[],"_links":{"self":[{"href":"https:\/\/cpbratislava.sk\/sk\/wp-json\/wp\/v2\/pages\/2446","targetHints":{"allow":["GET"]}}],"collection":[{"href":"https:\/\/cpbratislava.sk\/sk\/wp-json\/wp\/v2\/pages"}],"about":[{"href":"https:\/\/cpbratislava.sk\/sk\/wp-json\/wp\/v2\/types\/page"}],"author":[{"embeddable":true,"href":"https:\/\/cpbratislava.sk\/sk\/wp-json\/wp\/v2\/users\/14"}],"replies":[{"embeddable":true,"href":"https:\/\/cpbratislava.sk\/sk\/wp-json\/wp\/v2\/comments?post=2446"}],"version-history":[{"count":2,"href":"https:\/\/cpbratislava.sk\/sk\/wp-json\/wp\/v2\/pages\/2446\/revisions"}],"predecessor-version":[{"id":2842,"href":"https:\/\/cpbratislava.sk\/sk\/wp-json\/wp\/v2\/pages\/2446\/revisions\/2842"}],"up":[{"embeddable":true,"href":"https:\/\/cpbratislava.sk\/sk\/wp-json\/wp\/v2\/pages\/2159"}],"wp:featuredmedia":[{"embeddable":true,"href":"https:\/\/cpbratislava.sk\/sk\/wp-json\/wp\/v2\/media\/2450"}],"wp:attachment":[{"href":"https:\/\/cpbratislava.sk\/sk\/wp-json\/wp\/v2\/media?parent=2446"}],"curies":[{"name":"wp","href":"https:\/\/api.w.org\/{rel}","templated":true}]}}