{"id":2441,"date":"2025-08-06T14:07:34","date_gmt":"2025-08-06T12:07:34","guid":{"rendered":"https:\/\/new.cpbratislava.sk\/?page_id=2441"},"modified":"2026-02-15T08:22:12","modified_gmt":"2026-02-15T07:22:12","slug":"bratislavske-mestske-dni","status":"publish","type":"page","link":"https:\/\/cpbratislava.sk\/sk\/o-bratislave\/bratislavske-mestske-dni\/","title":{"rendered":"Bratislavsk\u00e9 mestsk\u00e9 dni 2026"},"content":{"rendered":"<p><strong>Ke\u010f sa mesto otvor\u00ed dokor\u00e1n.<\/strong><br \/>\nApr\u00edl v Bratislave vyvrchol\u00ed podujat\u00edm, ktor\u00e9 patr\u00ed k najob\u013e\u00fabenej\u0161\u00edm v roku. Cez v\u00edkend 25. a 26. apr\u00edla 2026 sa hlavn\u00e9 mesto premen\u00ed na jednu ve\u013ek\u00fa ob\u00fdva\u010dku, do ktorej s\u00fa pozvan\u00ed v\u0161etci \u2013 obyvatelia aj n\u00e1v\u0161tevn\u00edci.<\/p>\n<p>Bratislavsk\u00e9 mestsk\u00e9 dni nadv\u00e4zuj\u00fa na historick\u00fa trad\u00edciu, kedy si me\u0161\u0165ania volili svojho richt\u00e1ra a z\u00edskavali kr\u00e1\u013eovsk\u00e9 privil\u00e9gi\u00e1. Dnes je tento sviatok oslavou slobody, kult\u00fary a komunity.<\/p>\n<p>Po\u010das cel\u00e9ho v\u00edkendu mesto spr\u00edstupn\u00ed miesta, ktor\u00e9 s\u00fa inokedy za poplatok alebo \u00faplne nepr\u00edstupn\u00e9. V\u0161etky vstupy a aktivity v r\u00e1mci programu s\u00fa zadarmo.<\/p>\n","protected":false},"excerpt":{"rendered":"<p>Ke\u010f sa mesto otvor\u00ed dokor\u00e1n. Apr\u00edl v Bratislave vyvrchol\u00ed podujat\u00edm, ktor\u00e9 patr\u00ed k najob\u013e\u00fabenej\u0161\u00edm v roku. Cez v\u00edkend 25. a 26. apr\u00edla 2026 sa hlavn\u00e9 mesto premen\u00ed na jednu ve\u013ek\u00fa ob\u00fdva\u010dku, do ktorej s\u00fa pozvan\u00ed v\u0161etci \u2013 obyvatelia aj n\u00e1v\u0161tevn\u00edci. Bratislavsk\u00e9 mestsk\u00e9 dni nadv\u00e4zuj\u00fa na historick\u00fa trad\u00edciu, kedy si me\u0161\u0165ania volili svojho richt\u00e1ra a z\u00edskavali [&hellip;]<\/p>\n","protected":false},"author":14,"featured_media":4820,"parent":2159,"menu_order":0,"comment_status":"closed","ping_status":"closed","template":"","meta":{"_acf_changed":false,"footnotes":""},"class_list":["post-2441","page","type-page","status-publish","has-post-thumbnail","hentry"],"acf":[],"_links":{"self":[{"href":"https:\/\/cpbratislava.sk\/sk\/wp-json\/wp\/v2\/pages\/2441","targetHints":{"allow":["GET"]}}],"collection":[{"href":"https:\/\/cpbratislava.sk\/sk\/wp-json\/wp\/v2\/pages"}],"about":[{"href":"https:\/\/cpbratislava.sk\/sk\/wp-json\/wp\/v2\/types\/page"}],"author":[{"embeddable":true,"href":"https:\/\/cpbratislava.sk\/sk\/wp-json\/wp\/v2\/users\/14"}],"replies":[{"embeddable":true,"href":"https:\/\/cpbratislava.sk\/sk\/wp-json\/wp\/v2\/comments?post=2441"}],"version-history":[{"count":5,"href":"https:\/\/cpbratislava.sk\/sk\/wp-json\/wp\/v2\/pages\/2441\/revisions"}],"predecessor-version":[{"id":4819,"href":"https:\/\/cpbratislava.sk\/sk\/wp-json\/wp\/v2\/pages\/2441\/revisions\/4819"}],"up":[{"embeddable":true,"href":"https:\/\/cpbratislava.sk\/sk\/wp-json\/wp\/v2\/pages\/2159"}],"wp:featuredmedia":[{"embeddable":true,"href":"https:\/\/cpbratislava.sk\/sk\/wp-json\/wp\/v2\/media\/4820"}],"wp:attachment":[{"href":"https:\/\/cpbratislava.sk\/sk\/wp-json\/wp\/v2\/media?parent=2441"}],"curies":[{"name":"wp","href":"https:\/\/api.w.org\/{rel}","templated":true}]}}