{"id":2421,"date":"2025-08-06T13:55:56","date_gmt":"2025-08-06T11:55:56","guid":{"rendered":"https:\/\/new.cpbratislava.sk\/?page_id=2421"},"modified":"2026-04-13T16:31:39","modified_gmt":"2026-04-13T14:31:39","slug":"izbova-sluzba","status":"publish","type":"page","link":"https:\/\/cpbratislava.sk\/sk\/gastronomia\/izbova-sluzba\/","title":{"rendered":"Izbov\u00e1 slu\u017eba"},"content":{"rendered":"<p>Vyu\u017eite pr\u00edle\u017eitos\u0165 objedna\u0165 si ob\u010derstvenie priamo na Va\u0161u izbu zo \u0161irokej ponuky jed\u00e1l a n\u00e1pojov. U\u017eite si na\u0161e\u00a0motto \u201eR\u00fdchlo &amp; \u010cerstvo\u201c vo svojom vo\u013enom \u010dase v pohodl\u00ed Va\u0161ej izby.<\/p>\n<p><strong>Izbov\u00e1 slu\u017eba je k dispoz\u00edcii denne od 11:00 do 22:45, no\u010dn\u00e1 ponuka od 22:45 hod. do 07:00 hod.<\/strong><\/p>\n<blockquote><p><a href=\"https:\/\/cpbratislava.sk\/wp-content\/uploads\/2026\/04\/Room-service-menu.pdf\">Izbov\u00e1 Slu\u017eba &#8211; Menu<\/a><\/p><\/blockquote>\n","protected":false},"excerpt":{"rendered":"<p>Pestr\u00e1 ponuka jed\u00e1l priamo na izbu<\/p>\n","protected":false},"author":3,"featured_media":4012,"parent":2155,"menu_order":0,"comment_status":"closed","ping_status":"closed","template":"","meta":{"_acf_changed":false,"footnotes":""},"class_list":["post-2421","page","type-page","status-publish","has-post-thumbnail","hentry"],"acf":[],"_links":{"self":[{"href":"https:\/\/cpbratislava.sk\/sk\/wp-json\/wp\/v2\/pages\/2421","targetHints":{"allow":["GET"]}}],"collection":[{"href":"https:\/\/cpbratislava.sk\/sk\/wp-json\/wp\/v2\/pages"}],"about":[{"href":"https:\/\/cpbratislava.sk\/sk\/wp-json\/wp\/v2\/types\/page"}],"author":[{"embeddable":true,"href":"https:\/\/cpbratislava.sk\/sk\/wp-json\/wp\/v2\/users\/3"}],"replies":[{"embeddable":true,"href":"https:\/\/cpbratislava.sk\/sk\/wp-json\/wp\/v2\/comments?post=2421"}],"version-history":[{"count":10,"href":"https:\/\/cpbratislava.sk\/sk\/wp-json\/wp\/v2\/pages\/2421\/revisions"}],"predecessor-version":[{"id":5067,"href":"https:\/\/cpbratislava.sk\/sk\/wp-json\/wp\/v2\/pages\/2421\/revisions\/5067"}],"up":[{"embeddable":true,"href":"https:\/\/cpbratislava.sk\/sk\/wp-json\/wp\/v2\/pages\/2155"}],"wp:featuredmedia":[{"embeddable":true,"href":"https:\/\/cpbratislava.sk\/sk\/wp-json\/wp\/v2\/media\/4012"}],"wp:attachment":[{"href":"https:\/\/cpbratislava.sk\/sk\/wp-json\/wp\/v2\/media?parent=2421"}],"curies":[{"name":"wp","href":"https:\/\/api.w.org\/{rel}","templated":true}]}}