{"id":2419,"date":"2025-08-06T13:55:41","date_gmt":"2025-08-06T11:55:41","guid":{"rendered":"https:\/\/new.cpbratislava.sk\/?page_id=2419"},"modified":"2026-04-13T16:21:37","modified_gmt":"2026-04-13T14:21:37","slug":"letna-terasa","status":"publish","type":"page","link":"https:\/\/cpbratislava.sk\/sk\/gastronomia\/letna-terasa\/","title":{"rendered":"Letn\u00e1 terasa"},"content":{"rendered":"<p>Letn\u00e1 terasa s bylinkovou z\u00e1hradkou je unik\u00e1tnym miestom v centre Bratislavy pre posedenie pri osvie\u017euj\u00facom koktaily \u010di ako\u00a0vynikaj\u00face z\u00e1zemie pre letn\u00e9 akcie po\u010das letnej sez\u00f3ny.<\/p>\n<p>Spojenie letnej terasy a bylinkovej z\u00e1hrady funguje u\u017e viac ako 10 rokov. \u010cerstv\u00e9 bylinky, ovocie \u010di zeleninu v\u00e1m tak m\u00f4\u017eeme naserv\u00edrova\u0165 v na\u0161ich jedl\u00e1ch \u010di drinkoch v\u017edy \u010derstv\u00e9 a bio.<\/p>\n<blockquote><p><a href=\"https:\/\/cpbratislava.sk\/wp-content\/uploads\/2026\/02\/Plaza-Bar-Wine-Menu.pdf\">V\u00ednna Karta<\/a><\/p>\n<p><a href=\"https:\/\/cpbratislava.sk\/wp-content\/uploads\/2026\/04\/Plaza-Bar-Menu-1.pdf\">A la carte menu<\/a><\/p><\/blockquote>\n","protected":false},"excerpt":{"rendered":"<p>Doprajte si osvie\u017euj\u00face koktaily na unik\u00e1tnej letnej terase.<\/p>\n","protected":false},"author":3,"featured_media":3968,"parent":2155,"menu_order":0,"comment_status":"closed","ping_status":"closed","template":"","meta":{"_acf_changed":false,"footnotes":""},"class_list":["post-2419","page","type-page","status-publish","has-post-thumbnail","hentry"],"acf":[],"_links":{"self":[{"href":"https:\/\/cpbratislava.sk\/sk\/wp-json\/wp\/v2\/pages\/2419","targetHints":{"allow":["GET"]}}],"collection":[{"href":"https:\/\/cpbratislava.sk\/sk\/wp-json\/wp\/v2\/pages"}],"about":[{"href":"https:\/\/cpbratislava.sk\/sk\/wp-json\/wp\/v2\/types\/page"}],"author":[{"embeddable":true,"href":"https:\/\/cpbratislava.sk\/sk\/wp-json\/wp\/v2\/users\/3"}],"replies":[{"embeddable":true,"href":"https:\/\/cpbratislava.sk\/sk\/wp-json\/wp\/v2\/comments?post=2419"}],"version-history":[{"count":9,"href":"https:\/\/cpbratislava.sk\/sk\/wp-json\/wp\/v2\/pages\/2419\/revisions"}],"predecessor-version":[{"id":5068,"href":"https:\/\/cpbratislava.sk\/sk\/wp-json\/wp\/v2\/pages\/2419\/revisions\/5068"}],"up":[{"embeddable":true,"href":"https:\/\/cpbratislava.sk\/sk\/wp-json\/wp\/v2\/pages\/2155"}],"wp:featuredmedia":[{"embeddable":true,"href":"https:\/\/cpbratislava.sk\/sk\/wp-json\/wp\/v2\/media\/3968"}],"wp:attachment":[{"href":"https:\/\/cpbratislava.sk\/sk\/wp-json\/wp\/v2\/media?parent=2419"}],"curies":[{"name":"wp","href":"https:\/\/api.w.org\/{rel}","templated":true}]}}