{"id":3395,"date":"2025-08-06T13:55:26","date_gmt":"2025-08-06T11:55:26","guid":{"rendered":"https:\/\/new.cpbratislava.sk\/fresh\/"},"modified":"2026-02-26T16:05:10","modified_gmt":"2026-02-26T15:05:10","slug":"fresh","status":"publish","type":"page","link":"https:\/\/cpbratislava.sk\/de\/gastronomie\/fresh\/","title":{"rendered":"Fresh!"},"content":{"rendered":"<p><b>\u00d6ffnungszeiten<\/b><\/p>\n<p><b>Fr\u00fchst\u00fccksbuffet<\/b><\/p>\n<p>Montag &#8211; Freitag: 06:30 &#8211; 10:30<br \/>\nSamstag &#8211; Sonntag: 07:00 &#8211; 11:00<\/p>\n<p><b>Kapazit\u00e4t (Sitzpl\u00e4tze):<\/b> 130<\/p>\n<p><b>Erforderlicher Dresscode:<\/b> Casual<\/p>\n","protected":false},"excerpt":{"rendered":"<p>Genie\u00dfen Sie ein ruhiges Fr\u00fchst\u00fcck in unserem Restaurant Fresh! und Sie k\u00f6nnen beobachten, wie die Altstadt um Sie herum erwacht.<\/p>\n","protected":false},"author":3,"featured_media":3871,"parent":3428,"menu_order":0,"comment_status":"closed","ping_status":"closed","template":"","meta":{"_acf_changed":false,"footnotes":""},"class_list":["post-3395","page","type-page","status-publish","has-post-thumbnail","hentry"],"acf":[],"_links":{"self":[{"href":"https:\/\/cpbratislava.sk\/de\/wp-json\/wp\/v2\/pages\/3395","targetHints":{"allow":["GET"]}}],"collection":[{"href":"https:\/\/cpbratislava.sk\/de\/wp-json\/wp\/v2\/pages"}],"about":[{"href":"https:\/\/cpbratislava.sk\/de\/wp-json\/wp\/v2\/types\/page"}],"author":[{"embeddable":true,"href":"https:\/\/cpbratislava.sk\/de\/wp-json\/wp\/v2\/users\/3"}],"replies":[{"embeddable":true,"href":"https:\/\/cpbratislava.sk\/de\/wp-json\/wp\/v2\/comments?post=3395"}],"version-history":[{"count":3,"href":"https:\/\/cpbratislava.sk\/de\/wp-json\/wp\/v2\/pages\/3395\/revisions"}],"predecessor-version":[{"id":4830,"href":"https:\/\/cpbratislava.sk\/de\/wp-json\/wp\/v2\/pages\/3395\/revisions\/4830"}],"up":[{"embeddable":true,"href":"https:\/\/cpbratislava.sk\/de\/wp-json\/wp\/v2\/pages\/3428"}],"wp:featuredmedia":[{"embeddable":true,"href":"https:\/\/cpbratislava.sk\/de\/wp-json\/wp\/v2\/media\/3871"}],"wp:attachment":[{"href":"https:\/\/cpbratislava.sk\/de\/wp-json\/wp\/v2\/media?parent=3395"}],"curies":[{"name":"wp","href":"https:\/\/api.w.org\/{rel}","templated":true}]}}