{"id":3387,"date":"2025-08-06T14:07:34","date_gmt":"2025-08-06T12:07:34","guid":{"rendered":"https:\/\/new.cpbratislava.sk\/bratislavaer-weihnachtsmaerkte\/"},"modified":"2026-02-15T08:23:59","modified_gmt":"2026-02-15T07:23:59","slug":"bratislava-city-days","status":"publish","type":"page","link":"https:\/\/cpbratislava.sk\/de\/ueber-bratislava\/bratislava-city-days\/","title":{"rendered":"Bratislava City Days 2026"},"content":{"rendered":"<p><strong>Wenn sich die Stadt weit \u00f6ffnet.<\/strong><br \/>\nApril in Bratislava mit einer der beliebtesten Veranstaltungen des Jahres seinen H\u00f6hepunkt erreicht. \u00dcber das Wochenende 25. und am 26. April 2026 wird sich die Hauptstadt in ein gro\u00dfes Wohnzimmer verwandeln, zu dem alle eingeladen sind &#8211; Einwohner und Besucher gleicherma\u00dfen.<\/p>\n<p>Die Stadttage von Bratislava folgen der historischen Tradition, als die B\u00fcrger der Stadt ihren Stadthalter w\u00e4hlten und k\u00f6nigliche Privilegien erhielten. Heute ist dieser Feiertag ein Fest der Freiheit, Kultur und Gemeinschaft.<\/p>\n<p>W\u00e4hrend des gesamten Wochenendes \u00f6ffnet die Stadt Orte, die sonst kostenpflichtig oder v\u00f6llig unzug\u00e4nglich sind. Alle Eintritte und Aktivit\u00e4ten im Rahmen des Programms sind kostenlos.<\/p>\n","protected":false},"excerpt":{"rendered":"<p>Wenn sich die Stadt weit \u00f6ffnet. April in Bratislava mit einer der beliebtesten Veranstaltungen des Jahres seinen H\u00f6hepunkt erreicht. \u00dcber das Wochenende 25. und am 26. April 2026 wird sich die Hauptstadt in ein gro\u00dfes Wohnzimmer verwandeln, zu dem alle eingeladen sind &#8211; Einwohner und Besucher gleicherma\u00dfen. Die Stadttage von Bratislava folgen der historischen Tradition, [&hellip;]<\/p>\n","protected":false},"author":14,"featured_media":4821,"parent":3396,"menu_order":0,"comment_status":"closed","ping_status":"closed","template":"","meta":{"_acf_changed":false,"footnotes":""},"class_list":["post-3387","page","type-page","status-publish","has-post-thumbnail","hentry"],"acf":[],"_links":{"self":[{"href":"https:\/\/cpbratislava.sk\/de\/wp-json\/wp\/v2\/pages\/3387","targetHints":{"allow":["GET"]}}],"collection":[{"href":"https:\/\/cpbratislava.sk\/de\/wp-json\/wp\/v2\/pages"}],"about":[{"href":"https:\/\/cpbratislava.sk\/de\/wp-json\/wp\/v2\/types\/page"}],"author":[{"embeddable":true,"href":"https:\/\/cpbratislava.sk\/de\/wp-json\/wp\/v2\/users\/14"}],"replies":[{"embeddable":true,"href":"https:\/\/cpbratislava.sk\/de\/wp-json\/wp\/v2\/comments?post=3387"}],"version-history":[{"count":3,"href":"https:\/\/cpbratislava.sk\/de\/wp-json\/wp\/v2\/pages\/3387\/revisions"}],"predecessor-version":[{"id":4825,"href":"https:\/\/cpbratislava.sk\/de\/wp-json\/wp\/v2\/pages\/3387\/revisions\/4825"}],"up":[{"embeddable":true,"href":"https:\/\/cpbratislava.sk\/de\/wp-json\/wp\/v2\/pages\/3396"}],"wp:featuredmedia":[{"embeddable":true,"href":"https:\/\/cpbratislava.sk\/de\/wp-json\/wp\/v2\/media\/4821"}],"wp:attachment":[{"href":"https:\/\/cpbratislava.sk\/de\/wp-json\/wp\/v2\/media?parent=3387"}],"curies":[{"name":"wp","href":"https:\/\/api.w.org\/{rel}","templated":true}]}}