{"id":3385,"date":"2025-08-06T13:55:56","date_gmt":"2025-08-06T11:55:56","guid":{"rendered":"https:\/\/new.cpbratislava.sk\/zimmerservice\/"},"modified":"2026-04-13T16:23:06","modified_gmt":"2026-04-13T14:23:06","slug":"zimmerservice","status":"publish","type":"page","link":"https:\/\/cpbratislava.sk\/de\/gastronomie\/zimmerservice\/","title":{"rendered":"Zimmerservice"},"content":{"rendered":"<p>Nutzen Sie die Gelegenheit, Speisen und Getr\u00e4nke aus unserem vielf\u00e4ltigen Angebot direkt auf Ihr Zimmer zu bestellen. Genie\u00dfen Sie unser Motto \u201eSchnell &amp; Frisch\u201c in Ihrer Freizeit und im Komfort Ihres Zimmers.<\/p>\n<p><strong>Der Zimmerservice ist t\u00e4glich von 11:00 Uhr bis 22:45 Uhr verf\u00fcgbar, das Nachtangebot ab 22:45 Uhr bis 07:00 Uhr.<\/strong><\/p>\n<blockquote><p><a href=\"https:\/\/cpbratislava.sk\/wp-content\/uploads\/2026\/04\/Room-service-menu.pdf\">Zimmerservice &#8211; Men\u00fc<\/a><\/p><\/blockquote>\n","protected":false},"excerpt":{"rendered":"<p>Vielf\u00e4ltiges Speisenangebot direkt auf Ihr Zimmer<\/p>\n","protected":false},"author":3,"featured_media":4010,"parent":3428,"menu_order":0,"comment_status":"closed","ping_status":"closed","template":"","meta":{"_acf_changed":false,"footnotes":""},"class_list":["post-3385","page","type-page","status-publish","has-post-thumbnail","hentry"],"acf":[],"_links":{"self":[{"href":"https:\/\/cpbratislava.sk\/de\/wp-json\/wp\/v2\/pages\/3385","targetHints":{"allow":["GET"]}}],"collection":[{"href":"https:\/\/cpbratislava.sk\/de\/wp-json\/wp\/v2\/pages"}],"about":[{"href":"https:\/\/cpbratislava.sk\/de\/wp-json\/wp\/v2\/types\/page"}],"author":[{"embeddable":true,"href":"https:\/\/cpbratislava.sk\/de\/wp-json\/wp\/v2\/users\/3"}],"replies":[{"embeddable":true,"href":"https:\/\/cpbratislava.sk\/de\/wp-json\/wp\/v2\/comments?post=3385"}],"version-history":[{"count":7,"href":"https:\/\/cpbratislava.sk\/de\/wp-json\/wp\/v2\/pages\/3385\/revisions"}],"predecessor-version":[{"id":5071,"href":"https:\/\/cpbratislava.sk\/de\/wp-json\/wp\/v2\/pages\/3385\/revisions\/5071"}],"up":[{"embeddable":true,"href":"https:\/\/cpbratislava.sk\/de\/wp-json\/wp\/v2\/pages\/3428"}],"wp:featuredmedia":[{"embeddable":true,"href":"https:\/\/cpbratislava.sk\/de\/wp-json\/wp\/v2\/media\/4010"}],"wp:attachment":[{"href":"https:\/\/cpbratislava.sk\/de\/wp-json\/wp\/v2\/media?parent=3385"}],"curies":[{"name":"wp","href":"https:\/\/api.w.org\/{rel}","templated":true}]}}