{"id":3384,"date":"2025-08-06T13:55:41","date_gmt":"2025-08-06T11:55:41","guid":{"rendered":"https:\/\/new.cpbratislava.sk\/sommerterrasse\/"},"modified":"2026-04-13T16:22:21","modified_gmt":"2026-04-13T14:22:21","slug":"sommerterrasse","status":"publish","type":"page","link":"https:\/\/cpbratislava.sk\/de\/gastronomie\/sommerterrasse\/","title":{"rendered":"Sommerterrasse"},"content":{"rendered":"<p>Die Sommerterrasse mit Kr\u00e4utergarten ist ein einzigartiger Ort im Zentrum Bratislavas, um bei einem erfrischenden Cocktail zu verweilen oder als hervorragende Kulisse f\u00fcr Sommerveranstaltungen w\u00e4hrend der Sommersaison.<\/p>\n<p>Die Verbindung von Sommerterrasse und Kr\u00e4utergarten besteht bereits seit \u00fcber 10 Jahren. Frische Kr\u00e4uter, Obst oder Gem\u00fcse k\u00f6nnen wir Ihnen somit in unseren Speisen oder Getr\u00e4nken immer frisch und biologisch servieren.<\/p>\n<blockquote><p><a href=\"https:\/\/cpbratislava.sk\/wp-content\/uploads\/2026\/02\/Plaza-Bar-Wine-Menu.pdf\">Weinkarte<\/a><\/p>\n<p><a href=\"https:\/\/cpbratislava.sk\/wp-content\/uploads\/2026\/04\/Plaza-Bar-Menu-1.pdf\">A la carte Men\u00fc<\/a><\/p><\/blockquote>\n","protected":false},"excerpt":{"rendered":"<p>G\u00f6nnen Sie sich erfrischende Cocktails auf der einzigartigen Sommerterrasse.<\/p>\n","protected":false},"author":3,"featured_media":3967,"parent":3428,"menu_order":0,"comment_status":"closed","ping_status":"closed","template":"","meta":{"_acf_changed":false,"footnotes":""},"class_list":["post-3384","page","type-page","status-publish","has-post-thumbnail","hentry"],"acf":[],"_links":{"self":[{"href":"https:\/\/cpbratislava.sk\/de\/wp-json\/wp\/v2\/pages\/3384","targetHints":{"allow":["GET"]}}],"collection":[{"href":"https:\/\/cpbratislava.sk\/de\/wp-json\/wp\/v2\/pages"}],"about":[{"href":"https:\/\/cpbratislava.sk\/de\/wp-json\/wp\/v2\/types\/page"}],"author":[{"embeddable":true,"href":"https:\/\/cpbratislava.sk\/de\/wp-json\/wp\/v2\/users\/3"}],"replies":[{"embeddable":true,"href":"https:\/\/cpbratislava.sk\/de\/wp-json\/wp\/v2\/comments?post=3384"}],"version-history":[{"count":6,"href":"https:\/\/cpbratislava.sk\/de\/wp-json\/wp\/v2\/pages\/3384\/revisions"}],"predecessor-version":[{"id":5070,"href":"https:\/\/cpbratislava.sk\/de\/wp-json\/wp\/v2\/pages\/3384\/revisions\/5070"}],"up":[{"embeddable":true,"href":"https:\/\/cpbratislava.sk\/de\/wp-json\/wp\/v2\/pages\/3428"}],"wp:featuredmedia":[{"embeddable":true,"href":"https:\/\/cpbratislava.sk\/de\/wp-json\/wp\/v2\/media\/3967"}],"wp:attachment":[{"href":"https:\/\/cpbratislava.sk\/de\/wp-json\/wp\/v2\/media?parent=3384"}],"curies":[{"name":"wp","href":"https:\/\/api.w.org\/{rel}","templated":true}]}}