{"id":3383,"date":"2025-08-06T14:07:40","date_gmt":"2025-08-06T12:07:40","guid":{"rendered":"https:\/\/new.cpbratislava.sk\/zoo\/"},"modified":"2025-11-01T23:52:33","modified_gmt":"2025-11-01T22:52:33","slug":"zoo","status":"publish","type":"page","link":"https:\/\/cpbratislava.sk\/de\/ueber-bratislava\/zoo\/","title":{"rendered":"Zoo"},"content":{"rendered":"<p class=\"p1\">Der Zoo Bratislava ist ein gro\u00dfartiger Ort f\u00fcr Familien und Naturliebhaber. Er bietet Hunderte von Tieren aus aller Welt, von exotischen Arten bis hin zu heimischen Tieren. Der Zoo widmet sich auch Bildungsprogrammen, die Kindern und Erwachsenen helfen, die Bedeutung des Naturschutzes zu verstehen. Neben den Besichtigungen der Ausstellungen stehen auch Kinderspielpl\u00e4tze, Picknickbereiche und saisonale Veranstaltungen zur Verf\u00fcgung. Ein Besuch im Zoo bietet eine Kombination aus Unterhaltung, Bildung und Entspannung f\u00fcr alle Altersgruppen.<\/p>\n","protected":false},"excerpt":{"rendered":"<p>Der Zoo Bratislava ist ein gro\u00dfartiger Ort f\u00fcr Familien und Naturliebhaber. Er bietet Hunderte von Tieren aus aller Welt, von exotischen Arten bis hin zu heimischen Tieren. Der Zoo widmet sich auch Bildungsprogrammen, die Kindern und Erwachsenen helfen, die Bedeutung des Naturschutzes zu verstehen. Neben den Besichtigungen der Ausstellungen stehen auch Kinderspielpl\u00e4tze, Picknickbereiche und saisonale [&hellip;]<\/p>\n","protected":false},"author":14,"featured_media":3135,"parent":3396,"menu_order":0,"comment_status":"closed","ping_status":"closed","template":"","meta":{"_acf_changed":false,"footnotes":""},"class_list":["post-3383","page","type-page","status-publish","has-post-thumbnail","hentry"],"acf":[],"_links":{"self":[{"href":"https:\/\/cpbratislava.sk\/de\/wp-json\/wp\/v2\/pages\/3383","targetHints":{"allow":["GET"]}}],"collection":[{"href":"https:\/\/cpbratislava.sk\/de\/wp-json\/wp\/v2\/pages"}],"about":[{"href":"https:\/\/cpbratislava.sk\/de\/wp-json\/wp\/v2\/types\/page"}],"author":[{"embeddable":true,"href":"https:\/\/cpbratislava.sk\/de\/wp-json\/wp\/v2\/users\/14"}],"replies":[{"embeddable":true,"href":"https:\/\/cpbratislava.sk\/de\/wp-json\/wp\/v2\/comments?post=3383"}],"version-history":[{"count":1,"href":"https:\/\/cpbratislava.sk\/de\/wp-json\/wp\/v2\/pages\/3383\/revisions"}],"predecessor-version":[{"id":3400,"href":"https:\/\/cpbratislava.sk\/de\/wp-json\/wp\/v2\/pages\/3383\/revisions\/3400"}],"up":[{"embeddable":true,"href":"https:\/\/cpbratislava.sk\/de\/wp-json\/wp\/v2\/pages\/3396"}],"wp:featuredmedia":[{"embeddable":true,"href":"https:\/\/cpbratislava.sk\/de\/wp-json\/wp\/v2\/media\/3135"}],"wp:attachment":[{"href":"https:\/\/cpbratislava.sk\/de\/wp-json\/wp\/v2\/media?parent=3383"}],"curies":[{"name":"wp","href":"https:\/\/api.w.org\/{rel}","templated":true}]}}