{"id":3380,"date":"2025-08-06T14:07:24","date_gmt":"2025-08-06T12:07:24","guid":{"rendered":"https:\/\/new.cpbratislava.sk\/altstadt\/"},"modified":"2025-11-01T23:51:27","modified_gmt":"2025-11-01T22:51:27","slug":"altstadt","status":"publish","type":"page","link":"https:\/\/cpbratislava.sk\/de\/ueber-bratislava\/altstadt\/","title":{"rendered":"Altstadt"},"content":{"rendered":"<p class=\"p1\">Entdecken Sie das Herz Bratislavas mit engen Gassen, historischen Pl\u00e4tzen und einer Atmosph\u00e4re, die Sie in die Vergangenheit entf\u00fchrt. Schlendern Sie \u00fcber den Hauptplatz, bewundern Sie das Michaelertor und verweilen Sie an den ikonischen Brunnen. Die Altstadt ist voller Caf\u00e9s, Restaurants und kleiner Gesch\u00e4fte, wo Sie traditionelle slowakische K\u00f6stlichkeiten probieren k\u00f6nnen. Verpassen Sie auch nicht den Franziskanerplatz und seine historischen Sehensw\u00fcrdigkeiten. F\u00fcr Kulturliebhaber ist die Altstadt der ideale Ort, um die Geschichte und die Kunstsch\u00e4tze Bratislavas zu entdecken.<\/p>\n","protected":false},"excerpt":{"rendered":"<p>Entdecken Sie das Herz Bratislavas mit engen Gassen, historischen Pl\u00e4tzen und einer Atmosph\u00e4re, die Sie in die Vergangenheit entf\u00fchrt. Schlendern Sie \u00fcber den Hauptplatz, bewundern Sie das Michaelertor und verweilen Sie an den ikonischen Brunnen. Die Altstadt ist voller Caf\u00e9s, Restaurants und kleiner Gesch\u00e4fte, wo Sie traditionelle slowakische K\u00f6stlichkeiten probieren k\u00f6nnen. Verpassen Sie auch nicht [&hellip;]<\/p>\n","protected":false},"author":14,"featured_media":3137,"parent":3396,"menu_order":0,"comment_status":"closed","ping_status":"closed","template":"","meta":{"_acf_changed":false,"footnotes":""},"class_list":["post-3380","page","type-page","status-publish","has-post-thumbnail","hentry"],"acf":[],"_links":{"self":[{"href":"https:\/\/cpbratislava.sk\/de\/wp-json\/wp\/v2\/pages\/3380","targetHints":{"allow":["GET"]}}],"collection":[{"href":"https:\/\/cpbratislava.sk\/de\/wp-json\/wp\/v2\/pages"}],"about":[{"href":"https:\/\/cpbratislava.sk\/de\/wp-json\/wp\/v2\/types\/page"}],"author":[{"embeddable":true,"href":"https:\/\/cpbratislava.sk\/de\/wp-json\/wp\/v2\/users\/14"}],"replies":[{"embeddable":true,"href":"https:\/\/cpbratislava.sk\/de\/wp-json\/wp\/v2\/comments?post=3380"}],"version-history":[{"count":1,"href":"https:\/\/cpbratislava.sk\/de\/wp-json\/wp\/v2\/pages\/3380\/revisions"}],"predecessor-version":[{"id":3398,"href":"https:\/\/cpbratislava.sk\/de\/wp-json\/wp\/v2\/pages\/3380\/revisions\/3398"}],"up":[{"embeddable":true,"href":"https:\/\/cpbratislava.sk\/de\/wp-json\/wp\/v2\/pages\/3396"}],"wp:featuredmedia":[{"embeddable":true,"href":"https:\/\/cpbratislava.sk\/de\/wp-json\/wp\/v2\/media\/3137"}],"wp:attachment":[{"href":"https:\/\/cpbratislava.sk\/de\/wp-json\/wp\/v2\/media?parent=3380"}],"curies":[{"name":"wp","href":"https:\/\/api.w.org\/{rel}","templated":true}]}}