{"id":3376,"date":"2025-08-06T14:07:57","date_gmt":"2025-08-06T12:07:57","guid":{"rendered":"https:\/\/new.cpbratislava.sk\/einkaufszentren-in-der-naehe-des-hotels\/"},"modified":"2025-11-01T23:51:57","modified_gmt":"2025-11-01T22:51:57","slug":"einkaufszentren-in-der-naehe-des-hotels","status":"publish","type":"page","link":"https:\/\/cpbratislava.sk\/de\/ueber-bratislava\/einkaufszentren-in-der-naehe-des-hotels\/","title":{"rendered":"Einkaufszentren in der N\u00e4he des Hotels"},"content":{"rendered":"<p class=\"p1\">In der N\u00e4he des Crowne Plaza Bratislava Hotels finden Sie moderne Einkaufszentren mit einem vielf\u00e4ltigen Angebot an Gesch\u00e4ften. Von Luxusmarken bis zu lokalen Boutiquen \u2013 hier findet jeder etwas f\u00fcr sich. Zu den beliebtesten geh\u00f6ren Eurovea, direkt am Donauufer mit Promenade, Restaurants und Caf\u00e9s, das Nivy Centrum, ein modernes Zentrum mit Markthalle, Restaurants und vielen Gesch\u00e4ften, und der Aupark, ein beliebtes Einkaufszentrum mit einem umfangreichen Angebot an Gesch\u00e4ften, Dienstleistungen und Unterhaltung. Die Zentren bieten auch Entspannungszonen, ideal zum Entspannen nach dem Einkaufen, und regelm\u00e4\u00dfig finden hier verschiedene Aktionen, Ausverk\u00e4ufe und kulturelle Veranstaltungen statt. Ein Besuch dieser Einkaufszentren ist eine gro\u00dfartige Kombination aus Shopping, Gastronomie und Unterhaltung direkt im Zentrum von Bratislava.    <\/p>\n","protected":false},"excerpt":{"rendered":"<p>In der N\u00e4he des Crowne Plaza Bratislava Hotels finden Sie moderne Einkaufszentren mit einem vielf\u00e4ltigen Angebot an Gesch\u00e4ften. Von Luxusmarken bis zu lokalen Boutiquen \u2013 hier findet jeder etwas f\u00fcr sich. Zu den beliebtesten geh\u00f6ren Eurovea, direkt am Donauufer mit Promenade, Restaurants und Caf\u00e9s, das Nivy Centrum, ein modernes Zentrum mit Markthalle, Restaurants und vielen [&hellip;]<\/p>\n","protected":false},"author":14,"featured_media":3139,"parent":3396,"menu_order":0,"comment_status":"closed","ping_status":"closed","template":"","meta":{"_acf_changed":false,"footnotes":""},"class_list":["post-3376","page","type-page","status-publish","has-post-thumbnail","hentry"],"acf":[],"_links":{"self":[{"href":"https:\/\/cpbratislava.sk\/de\/wp-json\/wp\/v2\/pages\/3376","targetHints":{"allow":["GET"]}}],"collection":[{"href":"https:\/\/cpbratislava.sk\/de\/wp-json\/wp\/v2\/pages"}],"about":[{"href":"https:\/\/cpbratislava.sk\/de\/wp-json\/wp\/v2\/types\/page"}],"author":[{"embeddable":true,"href":"https:\/\/cpbratislava.sk\/de\/wp-json\/wp\/v2\/users\/14"}],"replies":[{"embeddable":true,"href":"https:\/\/cpbratislava.sk\/de\/wp-json\/wp\/v2\/comments?post=3376"}],"version-history":[{"count":1,"href":"https:\/\/cpbratislava.sk\/de\/wp-json\/wp\/v2\/pages\/3376\/revisions"}],"predecessor-version":[{"id":3402,"href":"https:\/\/cpbratislava.sk\/de\/wp-json\/wp\/v2\/pages\/3376\/revisions\/3402"}],"up":[{"embeddable":true,"href":"https:\/\/cpbratislava.sk\/de\/wp-json\/wp\/v2\/pages\/3396"}],"wp:featuredmedia":[{"embeddable":true,"href":"https:\/\/cpbratislava.sk\/de\/wp-json\/wp\/v2\/media\/3139"}],"wp:attachment":[{"href":"https:\/\/cpbratislava.sk\/de\/wp-json\/wp\/v2\/media?parent=3376"}],"curies":[{"name":"wp","href":"https:\/\/api.w.org\/{rel}","templated":true}]}}