{"id":3374,"date":"2025-08-17T14:02:12","date_gmt":"2025-08-17T12:02:12","guid":{"rendered":"https:\/\/new.cpbratislava.sk\/bratislavaer-burg\/"},"modified":"2025-11-01T23:51:36","modified_gmt":"2025-11-01T22:51:36","slug":"bratislavaer-burg","status":"publish","type":"page","link":"https:\/\/cpbratislava.sk\/de\/ueber-bratislava\/bratislavaer-burg\/","title":{"rendered":"Bratislavaer Burg"},"content":{"rendered":"<p class=\"p1\">Die Bratislavaer Burg ist ein Wahrzeichen der Stadt, das sich \u00fcber der Donau und der Altstadt erhebt. Die Burg bietet panoramische Ausblicke, Ausstellungen zur slowakischen Geschichte und Kultur sowie regelm\u00e4\u00dfige Kulturveranstaltungen. Die historischen Mauern und Befestigungsanlagen versetzen Sie in die Vergangenheit und erm\u00f6glichen es Ihnen, die reiche Geschichte Bratislavas zu entdecken. In der Umgebung der Burg befinden sich G\u00e4rten, die sich f\u00fcr Spazierg\u00e4nge und Picknicks eignen, mit einem wundersch\u00f6nen Blick auf die Stadt und den Fluss. Ein Besuch der Bratislavaer Burg ist ein Muss f\u00fcr jeden, der die Symbole und die Geschichte der Hauptstadt kennenlernen m\u00f6chte.<\/p>\n","protected":false},"excerpt":{"rendered":"<p>Die Bratislavaer Burg ist ein Wahrzeichen der Stadt, das sich \u00fcber der Donau und der Altstadt erhebt. Die Burg bietet panoramische Ausblicke, Ausstellungen zur slowakischen Geschichte und Kultur sowie regelm\u00e4\u00dfige Kulturveranstaltungen. Die historischen Mauern und Befestigungsanlagen versetzen Sie in die Vergangenheit und erm\u00f6glichen es Ihnen, die reiche Geschichte Bratislavas zu entdecken. In der Umgebung der [&hellip;]<\/p>\n","protected":false},"author":14,"featured_media":3355,"parent":3396,"menu_order":0,"comment_status":"closed","ping_status":"closed","template":"","meta":{"_acf_changed":false,"footnotes":""},"class_list":["post-3374","page","type-page","status-publish","has-post-thumbnail","hentry"],"acf":[],"_links":{"self":[{"href":"https:\/\/cpbratislava.sk\/de\/wp-json\/wp\/v2\/pages\/3374","targetHints":{"allow":["GET"]}}],"collection":[{"href":"https:\/\/cpbratislava.sk\/de\/wp-json\/wp\/v2\/pages"}],"about":[{"href":"https:\/\/cpbratislava.sk\/de\/wp-json\/wp\/v2\/types\/page"}],"author":[{"embeddable":true,"href":"https:\/\/cpbratislava.sk\/de\/wp-json\/wp\/v2\/users\/14"}],"replies":[{"embeddable":true,"href":"https:\/\/cpbratislava.sk\/de\/wp-json\/wp\/v2\/comments?post=3374"}],"version-history":[{"count":1,"href":"https:\/\/cpbratislava.sk\/de\/wp-json\/wp\/v2\/pages\/3374\/revisions"}],"predecessor-version":[{"id":3404,"href":"https:\/\/cpbratislava.sk\/de\/wp-json\/wp\/v2\/pages\/3374\/revisions\/3404"}],"up":[{"embeddable":true,"href":"https:\/\/cpbratislava.sk\/de\/wp-json\/wp\/v2\/pages\/3396"}],"wp:featuredmedia":[{"embeddable":true,"href":"https:\/\/cpbratislava.sk\/de\/wp-json\/wp\/v2\/media\/3355"}],"wp:attachment":[{"href":"https:\/\/cpbratislava.sk\/de\/wp-json\/wp\/v2\/media?parent=3374"}],"curies":[{"name":"wp","href":"https:\/\/api.w.org\/{rel}","templated":true}]}}