{"id":3369,"date":"2025-08-17T14:01:58","date_gmt":"2025-08-17T12:01:58","guid":{"rendered":"https:\/\/new.cpbratislava.sk\/praesidentenpalast-und-garten\/"},"modified":"2025-11-01T23:52:12","modified_gmt":"2025-11-01T22:52:12","slug":"praesidentenpalast-und-garten","status":"publish","type":"page","link":"https:\/\/cpbratislava.sk\/de\/ueber-bratislava\/praesidentenpalast-und-garten\/","title":{"rendered":"Pr\u00e4sidentenpalast und Garten"},"content":{"rendered":"<p class=\"p1\">Der Pr\u00e4sidentenpalast, auch bekannt als Grasalkovich-Palais, ist eine elegante Residenz des slowakischen Pr\u00e4sidenten mit beeindruckender Rokoko-Architektur, direkt gegen\u00fcber dem Hotel Crowne Plaza Bratislava gelegen. Der Palast ist vom Grassalkovich-Garten umgeben, der urspr\u00fcnglich als franz\u00f6sischer Ziergarten angelegt wurde. Nach einer umfassenden Renovierung in den 90er Jahren des 20. Jahrhunderts erhielt der Garten sein nahezu urspr\u00fcngliches Aussehen zur\u00fcck. Der Garten ist f\u00fcr die \u00d6ffentlichkeit kostenlos zug\u00e4nglich und ein beliebter Ort f\u00fcr Spazierg\u00e4nge von Einwohnern und Besuchern Bratislavas.<\/p>\n","protected":false},"excerpt":{"rendered":"<p>Der Pr\u00e4sidentenpalast, auch bekannt als Grasalkovich-Palais, ist eine elegante Residenz des slowakischen Pr\u00e4sidenten mit beeindruckender Rokoko-Architektur, direkt gegen\u00fcber dem Hotel Crowne Plaza Bratislava gelegen. Der Palast ist vom Grassalkovich-Garten umgeben, der urspr\u00fcnglich als franz\u00f6sischer Ziergarten angelegt wurde. Nach einer umfassenden Renovierung in den 90er Jahren des 20. Jahrhunderts erhielt der Garten sein nahezu urspr\u00fcngliches Aussehen [&hellip;]<\/p>\n","protected":false},"author":14,"featured_media":3357,"parent":3396,"menu_order":0,"comment_status":"closed","ping_status":"closed","template":"","meta":{"_acf_changed":false,"footnotes":""},"class_list":["post-3369","page","type-page","status-publish","has-post-thumbnail","hentry"],"acf":[],"_links":{"self":[{"href":"https:\/\/cpbratislava.sk\/de\/wp-json\/wp\/v2\/pages\/3369","targetHints":{"allow":["GET"]}}],"collection":[{"href":"https:\/\/cpbratislava.sk\/de\/wp-json\/wp\/v2\/pages"}],"about":[{"href":"https:\/\/cpbratislava.sk\/de\/wp-json\/wp\/v2\/types\/page"}],"author":[{"embeddable":true,"href":"https:\/\/cpbratislava.sk\/de\/wp-json\/wp\/v2\/users\/14"}],"replies":[{"embeddable":true,"href":"https:\/\/cpbratislava.sk\/de\/wp-json\/wp\/v2\/comments?post=3369"}],"version-history":[{"count":1,"href":"https:\/\/cpbratislava.sk\/de\/wp-json\/wp\/v2\/pages\/3369\/revisions"}],"predecessor-version":[{"id":3403,"href":"https:\/\/cpbratislava.sk\/de\/wp-json\/wp\/v2\/pages\/3369\/revisions\/3403"}],"up":[{"embeddable":true,"href":"https:\/\/cpbratislava.sk\/de\/wp-json\/wp\/v2\/pages\/3396"}],"wp:featuredmedia":[{"embeddable":true,"href":"https:\/\/cpbratislava.sk\/de\/wp-json\/wp\/v2\/media\/3357"}],"wp:attachment":[{"href":"https:\/\/cpbratislava.sk\/de\/wp-json\/wp\/v2\/media?parent=3369"}],"curies":[{"name":"wp","href":"https:\/\/api.w.org\/{rel}","templated":true}]}}